{"id":1154,"date":"2018-05-15T16:53:38","date_gmt":"2018-05-15T15:53:38","guid":{"rendered":"http:\/\/www.yoannpaounoff.com\/blog\/?page_id=1154"},"modified":"2021-06-07T09:47:11","modified_gmt":"2021-06-07T08:47:11","slug":"ouvertures","status":"publish","type":"page","link":"https:\/\/www.yoannpaounoff.com\/blog\/ouvertures\/","title":{"rendered":"Ouvertures"},"content":{"rendered":"<p><img data-recalc-dims=\"1\" loading=\"lazy\" decoding=\"async\" class=\"aligncenter size-large wp-image-1106\" src=\"https:\/\/i0.wp.com\/www.yoannpaounoff.com\/blog\/wp-content\/uploads\/2018\/05\/2018_05_14-16-47-41.jpg?resize=494%2C392&#038;ssl=1\" alt=\"\" width=\"494\" height=\"392\" srcset=\"https:\/\/i0.wp.com\/www.yoannpaounoff.com\/blog\/wp-content\/uploads\/2018\/05\/2018_05_14-16-47-41.jpg?resize=494%2C392&amp;ssl=1 494w, https:\/\/i0.wp.com\/www.yoannpaounoff.com\/blog\/wp-content\/uploads\/2018\/05\/2018_05_14-16-47-41.jpg?resize=188%2C149&amp;ssl=1 188w, https:\/\/i0.wp.com\/www.yoannpaounoff.com\/blog\/wp-content\/uploads\/2018\/05\/2018_05_14-16-47-41.jpg?resize=768%2C609&amp;ssl=1 768w, https:\/\/i0.wp.com\/www.yoannpaounoff.com\/blog\/wp-content\/uploads\/2018\/05\/2018_05_14-16-47-41.jpg?w=1936&amp;ssl=1 1936w\" sizes=\"auto, (max-width: 494px) 100vw, 494px\" \/><\/p>\n<pre>\u00a0<em>C'est la <a href=\"https:\/\/www.yoannpaounoff.com\/blog\/fatigue\/\">fatigue<\/a>\u2029 De la ligne\u2029 Qui donne \u2029 \u00c0 la ligne\u2029 Cette Forme.<\/em>\u2029\u2029\u2029\u2029\u2029\u2029Dis-je :beaut\u00e9 imp\u00e9n\u00e9trable? \u2029Dis-je :portrait ou masque ?\u2029Je dis que cette forme me terrasse,\u2029J'aime la produire, <a href=\"https:\/\/www.yoannpaounoff.com\/blog\/jaime-ces-formes-jaime-voir-ca\/\">j'aime la voir<\/a>.\u2029\u2029<a href=\"https:\/\/www.yoannpaounoff.com\/blog\/2018_05_14-17-56-16-jpg\/\"><img data-recalc-dims=\"1\" loading=\"lazy\" decoding=\"async\" class=\"aligncenter wp-image-1110\" src=\"https:\/\/i0.wp.com\/www.yoannpaounoff.com\/blog\/wp-content\/uploads\/2018\/05\/2018_05_14-17-56-16.jpg?resize=620%2C877&#038;ssl=1\" alt=\"\" width=\"620\" height=\"877\" srcset=\"https:\/\/i0.wp.com\/www.yoannpaounoff.com\/blog\/wp-content\/uploads\/2018\/05\/2018_05_14-17-56-16.jpg?w=2481&amp;ssl=1 2481w, https:\/\/i0.wp.com\/www.yoannpaounoff.com\/blog\/wp-content\/uploads\/2018\/05\/2018_05_14-17-56-16.jpg?resize=133%2C188&amp;ssl=1 133w, https:\/\/i0.wp.com\/www.yoannpaounoff.com\/blog\/wp-content\/uploads\/2018\/05\/2018_05_14-17-56-16.jpg?resize=768%2C1086&amp;ssl=1 768w, https:\/\/i0.wp.com\/www.yoannpaounoff.com\/blog\/wp-content\/uploads\/2018\/05\/2018_05_14-17-56-16.jpg?resize=349%2C494&amp;ssl=1 349w, https:\/\/i0.wp.com\/www.yoannpaounoff.com\/blog\/wp-content\/uploads\/2018\/05\/2018_05_14-17-56-16.jpg?w=2000&amp;ssl=1 2000w\" sizes=\"auto, (max-width: 620px) 100vw, 620px\" \/><\/a>\u2029Souvenir d'un dessin de Pascin,\u2029Th\u00e8me de la g\u00e8ne d\u00e9sinvolte,\u2029Du repos interrogatif,\u2029De la circonspection multi-fonctionnelle \u2029\u2029Ces gestes sont complexes,\u2029Ne cherchez pas son sac \u00e0 main,\u2029<a href=\"https:\/\/www.yoannpaounoff.com\/blog\/1175-2\/\">C'est du mime!<\/a><\/pre>\n","protected":false},"excerpt":{"rendered":"<p>\u00a0C&rsquo;est la fatigue\u2029 De la ligne\u2029 Qui donne \u2029 \u00c0 la ligne\u2029 Cette Forme.\u2029\u2029\u2029\u2029\u2029\u2029Dis-je :beaut\u00e9 imp\u00e9n\u00e9trable? \u2029Dis-je :portrait ou masque ?\u2029Je dis que cette forme me terrasse,\u2029J&rsquo;aime la produire, j&rsquo;aime la voir.\u2029\u2029\u2029Souvenir d&rsquo;un dessin de Pascin,\u2029Th\u00e8me de la g\u00e8ne d\u00e9sinvolte,\u2029Du repos interrogatif,\u2029De la circonspection multi-fonctionnelle \u2029\u2029Ces gestes sont complexes,\u2029Ne cherchez pas son sac \u00e0 main,\u2029C&rsquo;est [&hellip;]<\/p>\n","protected":false},"author":1,"featured_media":0,"parent":0,"menu_order":1,"comment_status":"closed","ping_status":"closed","template":"","meta":{"site-sidebar-layout":"default","site-content-layout":"","ast-site-content-layout":"default","site-content-style":"default","site-sidebar-style":"default","ast-global-header-display":"","ast-banner-title-visibility":"","ast-main-header-display":"","ast-hfb-above-header-display":"","ast-hfb-below-header-display":"","ast-hfb-mobile-header-display":"","site-post-title":"","ast-breadcrumbs-content":"","ast-featured-img":"","footer-sml-layout":"","ast-disable-related-posts":"","theme-transparent-header-meta":"","adv-header-id-meta":"","stick-header-meta":"","header-above-stick-meta":"","header-main-stick-meta":"","header-below-stick-meta":"","astra-migrate-meta-layouts":"default","ast-page-background-enabled":"default","ast-page-background-meta":{"desktop":{"background-color":"var(--ast-global-color-5)","background-image":"","background-repeat":"repeat","background-position":"center center","background-size":"auto","background-attachment":"scroll","background-type":"","background-media":"","overlay-type":"","overlay-color":"","overlay-opacity":"","overlay-gradient":""},"tablet":{"background-color":"","background-image":"","background-repeat":"repeat","background-position":"center center","background-size":"auto","background-attachment":"scroll","background-type":"","background-media":"","overlay-type":"","overlay-color":"","overlay-opacity":"","overlay-gradient":""},"mobile":{"background-color":"","background-image":"","background-repeat":"repeat","background-position":"center center","background-size":"auto","background-attachment":"scroll","background-type":"","background-media":"","overlay-type":"","overlay-color":"","overlay-opacity":"","overlay-gradient":""}},"ast-content-background-meta":{"desktop":{"background-color":"var(--ast-global-color-4)","background-image":"","background-repeat":"repeat","background-position":"center center","background-size":"auto","background-attachment":"scroll","background-type":"","background-media":"","overlay-type":"","overlay-color":"","overlay-opacity":"","overlay-gradient":""},"tablet":{"background-color":"var(--ast-global-color-4)","background-image":"","background-repeat":"repeat","background-position":"center center","background-size":"auto","background-attachment":"scroll","background-type":"","background-media":"","overlay-type":"","overlay-color":"","overlay-opacity":"","overlay-gradient":""},"mobile":{"background-color":"var(--ast-global-color-4)","background-image":"","background-repeat":"repeat","background-position":"center center","background-size":"auto","background-attachment":"scroll","background-type":"","background-media":"","overlay-type":"","overlay-color":"","overlay-opacity":"","overlay-gradient":""}},"jetpack_post_was_ever_published":false,"footnotes":""},"class_list":["post-1154","page","type-page","status-publish","hentry"],"yoast_head":"<!-- This site is optimized with the Yoast SEO plugin v27.4 - https:\/\/yoast.com\/product\/yoast-seo-wordpress\/ -->\n<title>Ouvertures - PAOUNOFF ?<\/title>\n<meta name=\"robots\" content=\"index, follow, max-snippet:-1, max-image-preview:large, max-video-preview:-1\" \/>\n<link rel=\"canonical\" href=\"https:\/\/www.yoannpaounoff.com\/blog\/ouvertures\/\" \/>\n<meta property=\"og:locale\" content=\"fr_FR\" \/>\n<meta property=\"og:type\" content=\"article\" \/>\n<meta property=\"og:title\" content=\"Ouvertures - PAOUNOFF ?\" \/>\n<meta property=\"og:description\" content=\"\u00a0C&#039;est la fatigue\u2029 De la ligne\u2029 Qui donne \u2029 \u00c0 la ligne\u2029 Cette Forme.\u2029\u2029\u2029\u2029\u2029\u2029Dis-je :beaut\u00e9 imp\u00e9n\u00e9trable? \u2029Dis-je :portrait ou masque ?\u2029Je dis que cette forme me terrasse,\u2029J&#039;aime la produire, j&#039;aime la voir.\u2029\u2029\u2029Souvenir d&#039;un dessin de Pascin,\u2029Th\u00e8me de la g\u00e8ne d\u00e9sinvolte,\u2029Du repos interrogatif,\u2029De la circonspection multi-fonctionnelle \u2029\u2029Ces gestes sont complexes,\u2029Ne cherchez pas son sac \u00e0 main,\u2029C&#039;est [&hellip;]\" \/>\n<meta property=\"og:url\" content=\"https:\/\/www.yoannpaounoff.com\/blog\/ouvertures\/\" \/>\n<meta property=\"og:site_name\" content=\"PAOUNOFF ?\" \/>\n<meta property=\"article:modified_time\" content=\"2021-06-07T08:47:11+00:00\" \/>\n<meta property=\"og:image\" content=\"http:\/\/www.yoannpaounoff.com\/blog\/wp-content\/uploads\/2018\/05\/2018_05_14-16-47-41-494x392.jpg\" \/>\n<meta name=\"twitter:card\" content=\"summary_large_image\" \/>\n<script type=\"application\/ld+json\" class=\"yoast-schema-graph\">{\"@context\":\"https:\\\/\\\/schema.org\",\"@graph\":[{\"@type\":\"WebPage\",\"@id\":\"https:\\\/\\\/www.yoannpaounoff.com\\\/blog\\\/ouvertures\\\/\",\"url\":\"https:\\\/\\\/www.yoannpaounoff.com\\\/blog\\\/ouvertures\\\/\",\"name\":\"Ouvertures - PAOUNOFF ?\",\"isPartOf\":{\"@id\":\"https:\\\/\\\/www.yoannpaounoff.com\\\/blog\\\/#website\"},\"primaryImageOfPage\":{\"@id\":\"https:\\\/\\\/www.yoannpaounoff.com\\\/blog\\\/ouvertures\\\/#primaryimage\"},\"image\":{\"@id\":\"https:\\\/\\\/www.yoannpaounoff.com\\\/blog\\\/ouvertures\\\/#primaryimage\"},\"thumbnailUrl\":\"http:\\\/\\\/www.yoannpaounoff.com\\\/blog\\\/wp-content\\\/uploads\\\/2018\\\/05\\\/2018_05_14-16-47-41-494x392.jpg\",\"datePublished\":\"2018-05-15T15:53:38+00:00\",\"dateModified\":\"2021-06-07T08:47:11+00:00\",\"breadcrumb\":{\"@id\":\"https:\\\/\\\/www.yoannpaounoff.com\\\/blog\\\/ouvertures\\\/#breadcrumb\"},\"inLanguage\":\"fr-FR\",\"potentialAction\":[{\"@type\":\"ReadAction\",\"target\":[\"https:\\\/\\\/www.yoannpaounoff.com\\\/blog\\\/ouvertures\\\/\"]}]},{\"@type\":\"ImageObject\",\"inLanguage\":\"fr-FR\",\"@id\":\"https:\\\/\\\/www.yoannpaounoff.com\\\/blog\\\/ouvertures\\\/#primaryimage\",\"url\":\"http:\\\/\\\/www.yoannpaounoff.com\\\/blog\\\/wp-content\\\/uploads\\\/2018\\\/05\\\/2018_05_14-16-47-41-494x392.jpg\",\"contentUrl\":\"http:\\\/\\\/www.yoannpaounoff.com\\\/blog\\\/wp-content\\\/uploads\\\/2018\\\/05\\\/2018_05_14-16-47-41-494x392.jpg\"},{\"@type\":\"BreadcrumbList\",\"@id\":\"https:\\\/\\\/www.yoannpaounoff.com\\\/blog\\\/ouvertures\\\/#breadcrumb\",\"itemListElement\":[{\"@type\":\"ListItem\",\"position\":1,\"name\":\"Accueil\",\"item\":\"https:\\\/\\\/www.yoannpaounoff.com\\\/blog\\\/\"},{\"@type\":\"ListItem\",\"position\":2,\"name\":\"Ouvertures\"}]},{\"@type\":\"WebSite\",\"@id\":\"https:\\\/\\\/www.yoannpaounoff.com\\\/blog\\\/#website\",\"url\":\"https:\\\/\\\/www.yoannpaounoff.com\\\/blog\\\/\",\"name\":\"PAOUNOFF ?\",\"description\":\"vite!\",\"publisher\":{\"@id\":\"https:\\\/\\\/www.yoannpaounoff.com\\\/blog\\\/#organization\"},\"potentialAction\":[{\"@type\":\"SearchAction\",\"target\":{\"@type\":\"EntryPoint\",\"urlTemplate\":\"https:\\\/\\\/www.yoannpaounoff.com\\\/blog\\\/?s={search_term_string}\"},\"query-input\":{\"@type\":\"PropertyValueSpecification\",\"valueRequired\":true,\"valueName\":\"search_term_string\"}}],\"inLanguage\":\"fr-FR\"},{\"@type\":\"Organization\",\"@id\":\"https:\\\/\\\/www.yoannpaounoff.com\\\/blog\\\/#organization\",\"name\":\"PAOUNOFF ?\",\"url\":\"https:\\\/\\\/www.yoannpaounoff.com\\\/blog\\\/\",\"logo\":{\"@type\":\"ImageObject\",\"inLanguage\":\"fr-FR\",\"@id\":\"https:\\\/\\\/www.yoannpaounoff.com\\\/blog\\\/#\\\/schema\\\/logo\\\/image\\\/\",\"url\":\"https:\\\/\\\/i0.wp.com\\\/www.yoannpaounoff.com\\\/blog\\\/wp-content\\\/uploads\\\/2025\\\/09\\\/cropped-IMG_7833.jpeg?fit=190%2C190&ssl=1\",\"contentUrl\":\"https:\\\/\\\/i0.wp.com\\\/www.yoannpaounoff.com\\\/blog\\\/wp-content\\\/uploads\\\/2025\\\/09\\\/cropped-IMG_7833.jpeg?fit=190%2C190&ssl=1\",\"width\":190,\"height\":190,\"caption\":\"PAOUNOFF ?\"},\"image\":{\"@id\":\"https:\\\/\\\/www.yoannpaounoff.com\\\/blog\\\/#\\\/schema\\\/logo\\\/image\\\/\"}}]}<\/script>\n<!-- \/ Yoast SEO plugin. -->","yoast_head_json":{"title":"Ouvertures - PAOUNOFF ?","robots":{"index":"index","follow":"follow","max-snippet":"max-snippet:-1","max-image-preview":"max-image-preview:large","max-video-preview":"max-video-preview:-1"},"canonical":"https:\/\/www.yoannpaounoff.com\/blog\/ouvertures\/","og_locale":"fr_FR","og_type":"article","og_title":"Ouvertures - PAOUNOFF ?","og_description":"\u00a0C'est la fatigue\u2029 De la ligne\u2029 Qui donne \u2029 \u00c0 la ligne\u2029 Cette Forme.\u2029\u2029\u2029\u2029\u2029\u2029Dis-je :beaut\u00e9 imp\u00e9n\u00e9trable? \u2029Dis-je :portrait ou masque ?\u2029Je dis que cette forme me terrasse,\u2029J'aime la produire, j'aime la voir.\u2029\u2029\u2029Souvenir d'un dessin de Pascin,\u2029Th\u00e8me de la g\u00e8ne d\u00e9sinvolte,\u2029Du repos interrogatif,\u2029De la circonspection multi-fonctionnelle \u2029\u2029Ces gestes sont complexes,\u2029Ne cherchez pas son sac \u00e0 main,\u2029C'est [&hellip;]","og_url":"https:\/\/www.yoannpaounoff.com\/blog\/ouvertures\/","og_site_name":"PAOUNOFF ?","article_modified_time":"2021-06-07T08:47:11+00:00","og_image":[{"url":"http:\/\/www.yoannpaounoff.com\/blog\/wp-content\/uploads\/2018\/05\/2018_05_14-16-47-41-494x392.jpg","type":"","width":"","height":""}],"twitter_card":"summary_large_image","schema":{"@context":"https:\/\/schema.org","@graph":[{"@type":"WebPage","@id":"https:\/\/www.yoannpaounoff.com\/blog\/ouvertures\/","url":"https:\/\/www.yoannpaounoff.com\/blog\/ouvertures\/","name":"Ouvertures - PAOUNOFF ?","isPartOf":{"@id":"https:\/\/www.yoannpaounoff.com\/blog\/#website"},"primaryImageOfPage":{"@id":"https:\/\/www.yoannpaounoff.com\/blog\/ouvertures\/#primaryimage"},"image":{"@id":"https:\/\/www.yoannpaounoff.com\/blog\/ouvertures\/#primaryimage"},"thumbnailUrl":"http:\/\/www.yoannpaounoff.com\/blog\/wp-content\/uploads\/2018\/05\/2018_05_14-16-47-41-494x392.jpg","datePublished":"2018-05-15T15:53:38+00:00","dateModified":"2021-06-07T08:47:11+00:00","breadcrumb":{"@id":"https:\/\/www.yoannpaounoff.com\/blog\/ouvertures\/#breadcrumb"},"inLanguage":"fr-FR","potentialAction":[{"@type":"ReadAction","target":["https:\/\/www.yoannpaounoff.com\/blog\/ouvertures\/"]}]},{"@type":"ImageObject","inLanguage":"fr-FR","@id":"https:\/\/www.yoannpaounoff.com\/blog\/ouvertures\/#primaryimage","url":"http:\/\/www.yoannpaounoff.com\/blog\/wp-content\/uploads\/2018\/05\/2018_05_14-16-47-41-494x392.jpg","contentUrl":"http:\/\/www.yoannpaounoff.com\/blog\/wp-content\/uploads\/2018\/05\/2018_05_14-16-47-41-494x392.jpg"},{"@type":"BreadcrumbList","@id":"https:\/\/www.yoannpaounoff.com\/blog\/ouvertures\/#breadcrumb","itemListElement":[{"@type":"ListItem","position":1,"name":"Accueil","item":"https:\/\/www.yoannpaounoff.com\/blog\/"},{"@type":"ListItem","position":2,"name":"Ouvertures"}]},{"@type":"WebSite","@id":"https:\/\/www.yoannpaounoff.com\/blog\/#website","url":"https:\/\/www.yoannpaounoff.com\/blog\/","name":"PAOUNOFF ?","description":"vite!","publisher":{"@id":"https:\/\/www.yoannpaounoff.com\/blog\/#organization"},"potentialAction":[{"@type":"SearchAction","target":{"@type":"EntryPoint","urlTemplate":"https:\/\/www.yoannpaounoff.com\/blog\/?s={search_term_string}"},"query-input":{"@type":"PropertyValueSpecification","valueRequired":true,"valueName":"search_term_string"}}],"inLanguage":"fr-FR"},{"@type":"Organization","@id":"https:\/\/www.yoannpaounoff.com\/blog\/#organization","name":"PAOUNOFF ?","url":"https:\/\/www.yoannpaounoff.com\/blog\/","logo":{"@type":"ImageObject","inLanguage":"fr-FR","@id":"https:\/\/www.yoannpaounoff.com\/blog\/#\/schema\/logo\/image\/","url":"https:\/\/i0.wp.com\/www.yoannpaounoff.com\/blog\/wp-content\/uploads\/2025\/09\/cropped-IMG_7833.jpeg?fit=190%2C190&ssl=1","contentUrl":"https:\/\/i0.wp.com\/www.yoannpaounoff.com\/blog\/wp-content\/uploads\/2025\/09\/cropped-IMG_7833.jpeg?fit=190%2C190&ssl=1","width":190,"height":190,"caption":"PAOUNOFF ?"},"image":{"@id":"https:\/\/www.yoannpaounoff.com\/blog\/#\/schema\/logo\/image\/"}}]}},"jetpack_sharing_enabled":true,"jetpack_shortlink":"https:\/\/wp.me\/P9VcMJ-iC","_links":{"self":[{"href":"https:\/\/www.yoannpaounoff.com\/blog\/wp-json\/wp\/v2\/pages\/1154","targetHints":{"allow":["GET"]}}],"collection":[{"href":"https:\/\/www.yoannpaounoff.com\/blog\/wp-json\/wp\/v2\/pages"}],"about":[{"href":"https:\/\/www.yoannpaounoff.com\/blog\/wp-json\/wp\/v2\/types\/page"}],"author":[{"embeddable":true,"href":"https:\/\/www.yoannpaounoff.com\/blog\/wp-json\/wp\/v2\/users\/1"}],"replies":[{"embeddable":true,"href":"https:\/\/www.yoannpaounoff.com\/blog\/wp-json\/wp\/v2\/comments?post=1154"}],"version-history":[{"count":9,"href":"https:\/\/www.yoannpaounoff.com\/blog\/wp-json\/wp\/v2\/pages\/1154\/revisions"}],"predecessor-version":[{"id":1260,"href":"https:\/\/www.yoannpaounoff.com\/blog\/wp-json\/wp\/v2\/pages\/1154\/revisions\/1260"}],"wp:attachment":[{"href":"https:\/\/www.yoannpaounoff.com\/blog\/wp-json\/wp\/v2\/media?parent=1154"}],"curies":[{"name":"wp","href":"https:\/\/api.w.org\/{rel}","templated":true}]}}