{"id":712,"date":"2014-09-16T13:10:29","date_gmt":"2014-09-16T12:10:29","guid":{"rendered":"http:\/\/www.yoannpaounoff.com\/blog\/?page_id=712"},"modified":"2021-06-16T11:16:29","modified_gmt":"2021-06-16T10:16:29","slug":"supernaturel","status":"publish","type":"page","link":"https:\/\/www.yoannpaounoff.com\/blog\/cv\/supernaturel\/","title":{"rendered":"SUPERnaturel"},"content":{"rendered":"\n<div class=\"wp-block-image\"><figure class=\"aligncenter size-large\"><img data-recalc-dims=\"1\" loading=\"lazy\" decoding=\"async\" width=\"494\" height=\"329\" src=\"https:\/\/i0.wp.com\/www.yoannpaounoff.com\/blog\/wp-content\/uploads\/2014\/05\/DSC00144.jpg?resize=494%2C329&#038;ssl=1\" alt=\"\" class=\"wp-image-699\" srcset=\"https:\/\/i0.wp.com\/www.yoannpaounoff.com\/blog\/wp-content\/uploads\/2014\/05\/DSC00144.jpg?resize=494%2C329&amp;ssl=1 494w, https:\/\/i0.wp.com\/www.yoannpaounoff.com\/blog\/wp-content\/uploads\/2014\/05\/DSC00144.jpg?resize=188%2C125&amp;ssl=1 188w, https:\/\/i0.wp.com\/www.yoannpaounoff.com\/blog\/wp-content\/uploads\/2014\/05\/DSC00144.jpg?w=2000&amp;ssl=1 2000w, https:\/\/i0.wp.com\/www.yoannpaounoff.com\/blog\/wp-content\/uploads\/2014\/05\/DSC00144.jpg?w=3000&amp;ssl=1 3000w\" sizes=\"auto, (max-width: 494px) 100vw, 494px\" \/><\/figure><\/div>\n\n\n\n<div class=\"wp-block-image\"><figure class=\"aligncenter\"><a href=\"https:\/\/www.yoannpaounoff.com\/blog\/supernaturel\/rikardo\/\" rel=\"attachment wp-att-754\"><img data-recalc-dims=\"1\" loading=\"lazy\" decoding=\"async\" width=\"2200\" height=\"3300\" src=\"https:\/\/i0.wp.com\/www.yoannpaounoff.com\/blog\/wp-content\/uploads\/2014\/09\/RIKARDO.jpg?resize=2200%2C3300&#038;ssl=1\" alt=\"RIKARDO\" class=\"wp-image-754\" srcset=\"https:\/\/i0.wp.com\/www.yoannpaounoff.com\/blog\/wp-content\/uploads\/2014\/09\/RIKARDO.jpg?w=2200&amp;ssl=1 2200w, https:\/\/i0.wp.com\/www.yoannpaounoff.com\/blog\/wp-content\/uploads\/2014\/09\/RIKARDO.jpg?resize=125%2C188&amp;ssl=1 125w, https:\/\/i0.wp.com\/www.yoannpaounoff.com\/blog\/wp-content\/uploads\/2014\/09\/RIKARDO.jpg?resize=329%2C494&amp;ssl=1 329w, https:\/\/i0.wp.com\/www.yoannpaounoff.com\/blog\/wp-content\/uploads\/2014\/09\/RIKARDO.jpg?w=2000&amp;ssl=1 2000w\" sizes=\"auto, (max-width: 1000px) 100vw, 1000px\" \/><\/a><\/figure><\/div>\n\n\n\n<p>Exposition collective \u00e0 la Fondation d&rsquo;Entreprise Ricard:<\/p>\n\n\n\n<p>Propos\u00e9 par l&rsquo;artiste Ne\u00efl Beloufa dans le cadre de l&rsquo;\u00e9v\u00e9nement CHOICES*<br \/>Avec Jean Baptiste Achim Calistru, Pauline Bastard, Julie Beaufils, Jonathan\u2028Binet, Antonia Carrara, Mathieu Coss\u00e9, Adrien Genty, Damien Gouviez,\u2028Christophe Herreros, Lukas Hoffmann, Chrystele Nicot, Yoann Paounoff, Chlo\u00e9\u2028Quenum, Nicolas Tubery, Emile Vapereau, Ana Vega.<br \/>L\u2019objet est \u00e9vident\u2028La valeur est ajout\u00e9e\u2028La d\u00e9finition est approximative<br \/>Je connais une chose gr\u00e2ce \u00e0 la souris optique de mon ordinateur portable, en passant par mon\u2028navigateur web, puis par mon moteur de recherche 3.0.<br \/>Mon t\u00e9l\u00e9phone est smart, mon steak est d\u2019origine contr\u00f4l\u00e9e, mon livre est num\u00e9rique, mon shampooing\u2028est deux en un, ma voiture est hybride, mes aisselles sont \u00e9pil\u00e9es au laser, mon film est HD-ready, ma\u2028soupe est bio, ma bouteille d\u2019eau est vitamin\u00e9e.\u2028Ceux-ci peuvent \u00eatre neufs ou d\u2019occasions<br \/>Leurs qualificatifs remplacent lentement leur objet principal,\u2028Et leur interface est souvent plus travaill\u00e9e que ceux qu\u2019elle m\u00e9diatise.<br \/>Par ces ajouts, qu\u2019une fonction change ou qu\u2019elle reste la m\u00eame, la valeur augmente.<br \/>Repr\u00e9senter ces choses qui ont \u00e9t\u00e9s volontairement complexifi\u00e9es pour ne plus pouvoir \u00eatre r\u00e9duites \u00e0\u2028un nom devient d\u2019autant plus difficile qu\u2019appartenant \u00e0 cette soci\u00e9t\u00e9, ces r\u00e8gles s\u2019appliquent aussi \u00e0\u2028nous.<br \/>Pendant que le t\u00e9l\u00e9phone, bien que smart a pour activit\u00e9 principale de t\u00e9l\u00e9phoner;\u2028Fondation d\u2019entreprise Ricard pr\u00e9sente des Artistes issus des Beaux Arts de Paris.<br \/>C\u2019est leur qualification commune.<br \/>Leurs pratiques sont vari\u00e9es.<br \/>Dans cette exposition, des pi\u00e8ces montrent, d\u00e9forment et approchent diff\u00e9rents objets ; cela sans\u2028jamais les r\u00e9duire.\u2028Il s\u2019agit parfois de repr\u00e9senter simplement un objet simple ; parfois de trouver dans cette chose\u2028simple de la complexit\u00e9 ; de trouver aussi que cette complexit\u00e9 ajout\u00e9e n\u2019en est pas moins simple et\u2028qu&rsquo;ajouter des couches devient tout aussi naturel qu&rsquo;en r\u00e9v\u00e9ler. Il peut s\u2019agir aussi de se battre pour\u2028trouver ce qu\u2019il y a vraiment sous cette chose simple et complexe \u00e0 la fois. Dans tous les cas, l\u2019ajout\u00e9,\u2028le transform\u00e9 tout comme l\u2019histoire formel ou conceptuel de ces formes \u00e0 \u00e9t\u00e9 dig\u00e9r\u00e9e et r\u00e9-agenc\u00e9e.<br \/>Ainsi, les pi\u00e8ces de l\u2019exposition, bien qu\u2019\u00e9videntes se d\u00e9finissent dans leur approximation, sans besoin\u2028d\u2019\u00eatres qualifi\u00e9es et c\u2019est ici qu&rsquo;elles obtiennent leur valeur<br \/>Il y a trois espaces, chacun avec six Artistes.<br \/>Ne\u00efl Beloufa<\/p>\n\n\n\n<p>Choices Paris \u2013 collectors week-end du 23 au 25 mai 2014<\/p>\n","protected":false},"excerpt":{"rendered":"<p>Exposition collective \u00e0 la Fondation d&rsquo;Entreprise Ricard: Propos\u00e9 par l&rsquo;artiste Ne\u00efl Beloufa dans le cadre de l&rsquo;\u00e9v\u00e9nement CHOICES*Avec Jean Baptiste Achim Calistru, Pauline Bastard, Julie Beaufils, Jonathan\u2028Binet, Antonia Carrara, Mathieu Coss\u00e9, Adrien Genty, Damien Gouviez,\u2028Christophe Herreros, Lukas Hoffmann, Chrystele Nicot, Yoann Paounoff, Chlo\u00e9\u2028Quenum, Nicolas Tubery, Emile Vapereau, Ana Vega.L\u2019objet est \u00e9vident\u2028La valeur est ajout\u00e9e\u2028La d\u00e9finition [&hellip;]<\/p>\n","protected":false},"author":1,"featured_media":0,"parent":322,"menu_order":0,"comment_status":"closed","ping_status":"closed","template":"","meta":{"site-sidebar-layout":"default","site-content-layout":"","ast-site-content-layout":"default","site-content-style":"default","site-sidebar-style":"default","ast-global-header-display":"","ast-banner-title-visibility":"","ast-main-header-display":"","ast-hfb-above-header-display":"","ast-hfb-below-header-display":"","ast-hfb-mobile-header-display":"","site-post-title":"","ast-breadcrumbs-content":"","ast-featured-img":"","footer-sml-layout":"","ast-disable-related-posts":"","theme-transparent-header-meta":"","adv-header-id-meta":"","stick-header-meta":"","header-above-stick-meta":"","header-main-stick-meta":"","header-below-stick-meta":"","astra-migrate-meta-layouts":"default","ast-page-background-enabled":"default","ast-page-background-meta":{"desktop":{"background-color":"var(--ast-global-color-5)","background-image":"","background-repeat":"repeat","background-position":"center center","background-size":"auto","background-attachment":"scroll","background-type":"","background-media":"","overlay-type":"","overlay-color":"","overlay-opacity":"","overlay-gradient":""},"tablet":{"background-color":"","background-image":"","background-repeat":"repeat","background-position":"center center","background-size":"auto","background-attachment":"scroll","background-type":"","background-media":"","overlay-type":"","overlay-color":"","overlay-opacity":"","overlay-gradient":""},"mobile":{"background-color":"","background-image":"","background-repeat":"repeat","background-position":"center center","background-size":"auto","background-attachment":"scroll","background-type":"","background-media":"","overlay-type":"","overlay-color":"","overlay-opacity":"","overlay-gradient":""}},"ast-content-background-meta":{"desktop":{"background-color":"var(--ast-global-color-4)","background-image":"","background-repeat":"repeat","background-position":"center center","background-size":"auto","background-attachment":"scroll","background-type":"","background-media":"","overlay-type":"","overlay-color":"","overlay-opacity":"","overlay-gradient":""},"tablet":{"background-color":"var(--ast-global-color-4)","background-image":"","background-repeat":"repeat","background-position":"center center","background-size":"auto","background-attachment":"scroll","background-type":"","background-media":"","overlay-type":"","overlay-color":"","overlay-opacity":"","overlay-gradient":""},"mobile":{"background-color":"var(--ast-global-color-4)","background-image":"","background-repeat":"repeat","background-position":"center center","background-size":"auto","background-attachment":"scroll","background-type":"","background-media":"","overlay-type":"","overlay-color":"","overlay-opacity":"","overlay-gradient":""}},"jetpack_post_was_ever_published":false,"footnotes":""},"class_list":["post-712","page","type-page","status-publish","hentry"],"yoast_head":"<!-- This site is optimized with the Yoast SEO plugin v27.5 - https:\/\/yoast.com\/product\/yoast-seo-wordpress\/ -->\n<title>SUPERnaturel - PAOUNOFF ?<\/title>\n<meta name=\"robots\" content=\"index, follow, max-snippet:-1, max-image-preview:large, max-video-preview:-1\" \/>\n<link rel=\"canonical\" href=\"https:\/\/www.yoannpaounoff.com\/blog\/cv\/supernaturel\/\" \/>\n<meta property=\"og:locale\" content=\"fr_FR\" \/>\n<meta property=\"og:type\" content=\"article\" \/>\n<meta property=\"og:title\" content=\"SUPERnaturel - PAOUNOFF ?\" \/>\n<meta property=\"og:description\" content=\"Exposition collective \u00e0 la Fondation d&rsquo;Entreprise Ricard: Propos\u00e9 par l&rsquo;artiste Ne\u00efl Beloufa dans le cadre de l&rsquo;\u00e9v\u00e9nement CHOICES*Avec Jean Baptiste Achim Calistru, Pauline Bastard, Julie Beaufils, Jonathan\u2028Binet, Antonia Carrara, Mathieu Coss\u00e9, Adrien Genty, Damien Gouviez,\u2028Christophe Herreros, Lukas Hoffmann, Chrystele Nicot, Yoann Paounoff, Chlo\u00e9\u2028Quenum, Nicolas Tubery, Emile Vapereau, Ana Vega.L\u2019objet est \u00e9vident\u2028La valeur est ajout\u00e9e\u2028La d\u00e9finition [&hellip;]\" \/>\n<meta property=\"og:url\" content=\"https:\/\/www.yoannpaounoff.com\/blog\/cv\/supernaturel\/\" \/>\n<meta property=\"og:site_name\" content=\"PAOUNOFF ?\" \/>\n<meta property=\"article:modified_time\" content=\"2021-06-16T10:16:29+00:00\" \/>\n<meta property=\"og:image\" content=\"http:\/\/www.yoannpaounoff.com\/blog\/wp-content\/uploads\/2014\/05\/DSC00144-494x329.jpg\" \/>\n<meta name=\"twitter:card\" content=\"summary_large_image\" \/>\n<meta name=\"twitter:label1\" content=\"Dur\u00e9e de lecture estim\u00e9e\" \/>\n\t<meta name=\"twitter:data1\" content=\"2 minutes\" \/>\n<script type=\"application\/ld+json\" class=\"yoast-schema-graph\">{\"@context\":\"https:\\\/\\\/schema.org\",\"@graph\":[{\"@type\":\"WebPage\",\"@id\":\"https:\\\/\\\/www.yoannpaounoff.com\\\/blog\\\/cv\\\/supernaturel\\\/\",\"url\":\"https:\\\/\\\/www.yoannpaounoff.com\\\/blog\\\/cv\\\/supernaturel\\\/\",\"name\":\"SUPERnaturel - PAOUNOFF ?\",\"isPartOf\":{\"@id\":\"https:\\\/\\\/www.yoannpaounoff.com\\\/blog\\\/#website\"},\"primaryImageOfPage\":{\"@id\":\"https:\\\/\\\/www.yoannpaounoff.com\\\/blog\\\/cv\\\/supernaturel\\\/#primaryimage\"},\"image\":{\"@id\":\"https:\\\/\\\/www.yoannpaounoff.com\\\/blog\\\/cv\\\/supernaturel\\\/#primaryimage\"},\"thumbnailUrl\":\"http:\\\/\\\/www.yoannpaounoff.com\\\/blog\\\/wp-content\\\/uploads\\\/2014\\\/05\\\/DSC00144-494x329.jpg\",\"datePublished\":\"2014-09-16T12:10:29+00:00\",\"dateModified\":\"2021-06-16T10:16:29+00:00\",\"breadcrumb\":{\"@id\":\"https:\\\/\\\/www.yoannpaounoff.com\\\/blog\\\/cv\\\/supernaturel\\\/#breadcrumb\"},\"inLanguage\":\"fr-FR\",\"potentialAction\":[{\"@type\":\"ReadAction\",\"target\":[\"https:\\\/\\\/www.yoannpaounoff.com\\\/blog\\\/cv\\\/supernaturel\\\/\"]}]},{\"@type\":\"ImageObject\",\"inLanguage\":\"fr-FR\",\"@id\":\"https:\\\/\\\/www.yoannpaounoff.com\\\/blog\\\/cv\\\/supernaturel\\\/#primaryimage\",\"url\":\"http:\\\/\\\/www.yoannpaounoff.com\\\/blog\\\/wp-content\\\/uploads\\\/2014\\\/05\\\/DSC00144-494x329.jpg\",\"contentUrl\":\"http:\\\/\\\/www.yoannpaounoff.com\\\/blog\\\/wp-content\\\/uploads\\\/2014\\\/05\\\/DSC00144-494x329.jpg\"},{\"@type\":\"BreadcrumbList\",\"@id\":\"https:\\\/\\\/www.yoannpaounoff.com\\\/blog\\\/cv\\\/supernaturel\\\/#breadcrumb\",\"itemListElement\":[{\"@type\":\"ListItem\",\"position\":1,\"name\":\"Accueil\",\"item\":\"https:\\\/\\\/www.yoannpaounoff.com\\\/blog\\\/\"},{\"@type\":\"ListItem\",\"position\":2,\"name\":\"CV&#8230;interactif !\",\"item\":\"https:\\\/\\\/www.yoannpaounoff.com\\\/blog\\\/cv\\\/\"},{\"@type\":\"ListItem\",\"position\":3,\"name\":\"SUPERnaturel\"}]},{\"@type\":\"WebSite\",\"@id\":\"https:\\\/\\\/www.yoannpaounoff.com\\\/blog\\\/#website\",\"url\":\"https:\\\/\\\/www.yoannpaounoff.com\\\/blog\\\/\",\"name\":\"PAOUNOFF ?\",\"description\":\"vite!\",\"publisher\":{\"@id\":\"https:\\\/\\\/www.yoannpaounoff.com\\\/blog\\\/#organization\"},\"potentialAction\":[{\"@type\":\"SearchAction\",\"target\":{\"@type\":\"EntryPoint\",\"urlTemplate\":\"https:\\\/\\\/www.yoannpaounoff.com\\\/blog\\\/?s={search_term_string}\"},\"query-input\":{\"@type\":\"PropertyValueSpecification\",\"valueRequired\":true,\"valueName\":\"search_term_string\"}}],\"inLanguage\":\"fr-FR\"},{\"@type\":\"Organization\",\"@id\":\"https:\\\/\\\/www.yoannpaounoff.com\\\/blog\\\/#organization\",\"name\":\"PAOUNOFF ?\",\"url\":\"https:\\\/\\\/www.yoannpaounoff.com\\\/blog\\\/\",\"logo\":{\"@type\":\"ImageObject\",\"inLanguage\":\"fr-FR\",\"@id\":\"https:\\\/\\\/www.yoannpaounoff.com\\\/blog\\\/#\\\/schema\\\/logo\\\/image\\\/\",\"url\":\"https:\\\/\\\/i0.wp.com\\\/www.yoannpaounoff.com\\\/blog\\\/wp-content\\\/uploads\\\/2025\\\/09\\\/cropped-IMG_7833.jpeg?fit=190%2C190&ssl=1\",\"contentUrl\":\"https:\\\/\\\/i0.wp.com\\\/www.yoannpaounoff.com\\\/blog\\\/wp-content\\\/uploads\\\/2025\\\/09\\\/cropped-IMG_7833.jpeg?fit=190%2C190&ssl=1\",\"width\":190,\"height\":190,\"caption\":\"PAOUNOFF ?\"},\"image\":{\"@id\":\"https:\\\/\\\/www.yoannpaounoff.com\\\/blog\\\/#\\\/schema\\\/logo\\\/image\\\/\"}}]}<\/script>\n<!-- \/ Yoast SEO plugin. -->","yoast_head_json":{"title":"SUPERnaturel - PAOUNOFF ?","robots":{"index":"index","follow":"follow","max-snippet":"max-snippet:-1","max-image-preview":"max-image-preview:large","max-video-preview":"max-video-preview:-1"},"canonical":"https:\/\/www.yoannpaounoff.com\/blog\/cv\/supernaturel\/","og_locale":"fr_FR","og_type":"article","og_title":"SUPERnaturel - PAOUNOFF ?","og_description":"Exposition collective \u00e0 la Fondation d&rsquo;Entreprise Ricard: Propos\u00e9 par l&rsquo;artiste Ne\u00efl Beloufa dans le cadre de l&rsquo;\u00e9v\u00e9nement CHOICES*Avec Jean Baptiste Achim Calistru, Pauline Bastard, Julie Beaufils, Jonathan\u2028Binet, Antonia Carrara, Mathieu Coss\u00e9, Adrien Genty, Damien Gouviez,\u2028Christophe Herreros, Lukas Hoffmann, Chrystele Nicot, Yoann Paounoff, Chlo\u00e9\u2028Quenum, Nicolas Tubery, Emile Vapereau, Ana Vega.L\u2019objet est \u00e9vident\u2028La valeur est ajout\u00e9e\u2028La d\u00e9finition [&hellip;]","og_url":"https:\/\/www.yoannpaounoff.com\/blog\/cv\/supernaturel\/","og_site_name":"PAOUNOFF ?","article_modified_time":"2021-06-16T10:16:29+00:00","og_image":[{"url":"http:\/\/www.yoannpaounoff.com\/blog\/wp-content\/uploads\/2014\/05\/DSC00144-494x329.jpg","type":"","width":"","height":""}],"twitter_card":"summary_large_image","twitter_misc":{"Dur\u00e9e de lecture estim\u00e9e":"2 minutes"},"schema":{"@context":"https:\/\/schema.org","@graph":[{"@type":"WebPage","@id":"https:\/\/www.yoannpaounoff.com\/blog\/cv\/supernaturel\/","url":"https:\/\/www.yoannpaounoff.com\/blog\/cv\/supernaturel\/","name":"SUPERnaturel - PAOUNOFF ?","isPartOf":{"@id":"https:\/\/www.yoannpaounoff.com\/blog\/#website"},"primaryImageOfPage":{"@id":"https:\/\/www.yoannpaounoff.com\/blog\/cv\/supernaturel\/#primaryimage"},"image":{"@id":"https:\/\/www.yoannpaounoff.com\/blog\/cv\/supernaturel\/#primaryimage"},"thumbnailUrl":"http:\/\/www.yoannpaounoff.com\/blog\/wp-content\/uploads\/2014\/05\/DSC00144-494x329.jpg","datePublished":"2014-09-16T12:10:29+00:00","dateModified":"2021-06-16T10:16:29+00:00","breadcrumb":{"@id":"https:\/\/www.yoannpaounoff.com\/blog\/cv\/supernaturel\/#breadcrumb"},"inLanguage":"fr-FR","potentialAction":[{"@type":"ReadAction","target":["https:\/\/www.yoannpaounoff.com\/blog\/cv\/supernaturel\/"]}]},{"@type":"ImageObject","inLanguage":"fr-FR","@id":"https:\/\/www.yoannpaounoff.com\/blog\/cv\/supernaturel\/#primaryimage","url":"http:\/\/www.yoannpaounoff.com\/blog\/wp-content\/uploads\/2014\/05\/DSC00144-494x329.jpg","contentUrl":"http:\/\/www.yoannpaounoff.com\/blog\/wp-content\/uploads\/2014\/05\/DSC00144-494x329.jpg"},{"@type":"BreadcrumbList","@id":"https:\/\/www.yoannpaounoff.com\/blog\/cv\/supernaturel\/#breadcrumb","itemListElement":[{"@type":"ListItem","position":1,"name":"Accueil","item":"https:\/\/www.yoannpaounoff.com\/blog\/"},{"@type":"ListItem","position":2,"name":"CV&#8230;interactif !","item":"https:\/\/www.yoannpaounoff.com\/blog\/cv\/"},{"@type":"ListItem","position":3,"name":"SUPERnaturel"}]},{"@type":"WebSite","@id":"https:\/\/www.yoannpaounoff.com\/blog\/#website","url":"https:\/\/www.yoannpaounoff.com\/blog\/","name":"PAOUNOFF ?","description":"vite!","publisher":{"@id":"https:\/\/www.yoannpaounoff.com\/blog\/#organization"},"potentialAction":[{"@type":"SearchAction","target":{"@type":"EntryPoint","urlTemplate":"https:\/\/www.yoannpaounoff.com\/blog\/?s={search_term_string}"},"query-input":{"@type":"PropertyValueSpecification","valueRequired":true,"valueName":"search_term_string"}}],"inLanguage":"fr-FR"},{"@type":"Organization","@id":"https:\/\/www.yoannpaounoff.com\/blog\/#organization","name":"PAOUNOFF ?","url":"https:\/\/www.yoannpaounoff.com\/blog\/","logo":{"@type":"ImageObject","inLanguage":"fr-FR","@id":"https:\/\/www.yoannpaounoff.com\/blog\/#\/schema\/logo\/image\/","url":"https:\/\/i0.wp.com\/www.yoannpaounoff.com\/blog\/wp-content\/uploads\/2025\/09\/cropped-IMG_7833.jpeg?fit=190%2C190&ssl=1","contentUrl":"https:\/\/i0.wp.com\/www.yoannpaounoff.com\/blog\/wp-content\/uploads\/2025\/09\/cropped-IMG_7833.jpeg?fit=190%2C190&ssl=1","width":190,"height":190,"caption":"PAOUNOFF ?"},"image":{"@id":"https:\/\/www.yoannpaounoff.com\/blog\/#\/schema\/logo\/image\/"}}]}},"jetpack_sharing_enabled":true,"jetpack_shortlink":"https:\/\/wp.me\/P9VcMJ-bu","_links":{"self":[{"href":"https:\/\/www.yoannpaounoff.com\/blog\/wp-json\/wp\/v2\/pages\/712","targetHints":{"allow":["GET"]}}],"collection":[{"href":"https:\/\/www.yoannpaounoff.com\/blog\/wp-json\/wp\/v2\/pages"}],"about":[{"href":"https:\/\/www.yoannpaounoff.com\/blog\/wp-json\/wp\/v2\/types\/page"}],"author":[{"embeddable":true,"href":"https:\/\/www.yoannpaounoff.com\/blog\/wp-json\/wp\/v2\/users\/1"}],"replies":[{"embeddable":true,"href":"https:\/\/www.yoannpaounoff.com\/blog\/wp-json\/wp\/v2\/comments?post=712"}],"version-history":[{"count":6,"href":"https:\/\/www.yoannpaounoff.com\/blog\/wp-json\/wp\/v2\/pages\/712\/revisions"}],"predecessor-version":[{"id":1266,"href":"https:\/\/www.yoannpaounoff.com\/blog\/wp-json\/wp\/v2\/pages\/712\/revisions\/1266"}],"up":[{"embeddable":true,"href":"https:\/\/www.yoannpaounoff.com\/blog\/wp-json\/wp\/v2\/pages\/322"}],"wp:attachment":[{"href":"https:\/\/www.yoannpaounoff.com\/blog\/wp-json\/wp\/v2\/media?parent=712"}],"curies":[{"name":"wp","href":"https:\/\/api.w.org\/{rel}","templated":true}]}}